{"id":46,"date":"2015-10-09T19:44:20","date_gmt":"2015-10-09T19:44:20","guid":{"rendered":"http:\/\/concordia-rigensis.de\/wp\/?page_id=46"},"modified":"2023-10-02T09:34:30","modified_gmt":"2023-10-02T09:34:30","slug":"willkommen","status":"publish","type":"page","link":"http:\/\/concordia-rigensis.de\/wp\/","title":{"rendered":"Willkommen"},"content":{"rendered":"<h3><img loading=\"lazy\" decoding=\"async\" class=\"alignnone wp-image-83 size-full\" src=\"http:\/\/concordia-rigensis.de\/wp\/wp-content\/uploads\/2015\/10\/phoca_thumb_l_souveraen.gif\" alt=\"phoca_thumb_l_souveraen\" width=\"960\" height=\"372\"><\/h3>\n<h3>Wir hei\u00dfen Sie herzlich Willkommen beim Corps Concordia Rigensis zu Hamburg<\/h3>\n<p>&nbsp;<\/p>\n<p>Auf den folgenden Seiten erhalten Sie einen \u00dcberblick \u00fcber die Sitten und Gebr\u00e4uche, die sich aus unserem baltischen Ursprung ergeben, unsere wechselvolle und spannende Geschichte von Riga bis nach Hamburg und unser aktuelles Corpsleben als Mitglied des&nbsp;<a href=\"http:\/\/www.die-corps.de\/\" target=\"_blank\" rel=\"noopener\">KSCV<\/a>.<br>\nMit den besten W\u00fcnschen,<\/p>\n<p>Die Aktiven<\/p>\n\n\n<p><\/p>\n","protected":false},"excerpt":{"rendered":"<p>Wir hei\u00dfen Sie herzlich Willkommen beim Corps Concordia Rigensis zu Hamburg &nbsp; Auf den folgenden Seiten erhalten Sie einen \u00dcberblick \u00fcber die Sitten und Gebr\u00e4uche, die sich aus unserem baltischen Ursprung ergeben, unsere wechselvolle und spannende Geschichte von Riga bis &hellip; <a href=\"http:\/\/concordia-rigensis.de\/wp\/\">Weiter<\/a><\/p>\n","protected":false},"author":1,"featured_media":0,"parent":0,"menu_order":0,"comment_status":"closed","ping_status":"closed","template":"","meta":{"footnotes":""},"class_list":["post-46","page","type-page","status-publish","hentry"],"_links":{"self":[{"href":"http:\/\/concordia-rigensis.de\/wp\/wp-json\/wp\/v2\/pages\/46","targetHints":{"allow":["GET"]}}],"collection":[{"href":"http:\/\/concordia-rigensis.de\/wp\/wp-json\/wp\/v2\/pages"}],"about":[{"href":"http:\/\/concordia-rigensis.de\/wp\/wp-json\/wp\/v2\/types\/page"}],"author":[{"embeddable":true,"href":"http:\/\/concordia-rigensis.de\/wp\/wp-json\/wp\/v2\/users\/1"}],"replies":[{"embeddable":true,"href":"http:\/\/concordia-rigensis.de\/wp\/wp-json\/wp\/v2\/comments?post=46"}],"version-history":[{"count":7,"href":"http:\/\/concordia-rigensis.de\/wp\/wp-json\/wp\/v2\/pages\/46\/revisions"}],"predecessor-version":[{"id":294,"href":"http:\/\/concordia-rigensis.de\/wp\/wp-json\/wp\/v2\/pages\/46\/revisions\/294"}],"wp:attachment":[{"href":"http:\/\/concordia-rigensis.de\/wp\/wp-json\/wp\/v2\/media?parent=46"}],"curies":[{"name":"wp","href":"https:\/\/api.w.org\/{rel}","templated":true}]}}